{"id":409,"date":"2020-05-01T23:57:12","date_gmt":"2020-05-01T23:57:12","guid":{"rendered":"http:\/\/xavitabernabaeza.com\/?page_id=409"},"modified":"2024-09-22T23:32:40","modified_gmt":"2024-09-22T23:32:40","slug":"castellano","status":"publish","type":"page","link":"https:\/\/xavitabernabaeza.com\/","title":{"rendered":"Castellano"},"content":{"rendered":"\n<h2 class=\"wp-block-heading has-text-align-center\">PARA EMPEZAR. . . . . <\/h2>\n\n\n\n<p class=\"has-text-align-left has-very-dark-gray-color has-text-color\"><a href=\"http:\/\/xavitabernabaeza.com\/wp-content\/uploads\/2021\/11\/Salmorejo1x1-scaled.jpg\">Salmorejo con su buena guarnici\u00f3n . . . . . 8.00 \u20ac<\/a><\/p>\n\n\n\n<p class=\"has-text-align-left has-very-dark-gray-color has-text-color\">Pulpo con Ajoatado y aceite de carb\u00f3n . .  . . . 22.00 \u20ac<\/p>\n\n\n\n<p class=\"has-text-align-left\">Habitas salteadas con jam\u00f3n, cebolleta y huevos fritos. . .13.00 \u20ac<\/p>\n\n\n\n<p class=\"has-text-align-left\">Queso Manchego semicurado con rega\u00f1as<em> . .<\/em>. 6.50 . . . 9.00 \u20ac<\/p>\n\n\n\n<p class=\"has-text-align-left\">Queso Oveja Sierra Sur Ja\u00e9n . . . . . 6.50 . . . .  9.00 \u20ac<\/p>\n\n\n\n<p class=\"has-text-align-left\">Surtido de Ib\u00e9ricos y quesos con pan y tomate . . .  9.50 . . . 17.00 \u20ac<\/p>\n\n\n\n<p class=\"has-text-align-left has-very-dark-gray-color has-text-color\">Tomate ali\u00f1ado con cebolleta, at\u00fan y aceitunas . . . .8.00 \u20ac<\/p>\n\n\n\n<p class=\"has-text-align-left has-very-dark-gray-color has-text-color\">Ensaladilla casera con ventresca y gambitas . .  . 7.00 . . . 11.00 \u20ac<\/p>\n\n\n\n<p class=\"has-text-align-left has-very-dark-gray-color has-text-color\">Ensalada de tomate con alga Wakame . . . . . 9.00 \u20ac<\/p>\n\n\n\n<p>Ensalada de Burrata con tomate y picada de frutos secos, ajo,<\/p>\n\n\n\n<p>tomate seco y AOVE . . . 12.00 \u20ac<\/p>\n\n\n\n<p class=\"has-text-align-left\">Pate de Perdiz con Picual y tostadas. . . 11.00 \u20ac<\/p>\n\n\n\n<p>Jam\u00f3n Iberico de Bellota. . . 14.00 \u20ac . . . 26.00 \u20ac<\/p>\n\n\n\n<h2 class=\"wp-block-heading\">Frituras de Aceite de Oliva Virgen<\/h2>\n\n\n\n<p class=\"has-text-align-left has-very-dark-gray-color has-text-color\">Berengenas fritas con salmorejo y Jam\u00f3n. 10.00 \u20ac<\/p>\n\n\n\n<p class=\"has-text-align-left has-very-dark-gray-color has-text-color\">Croquetas de mi madre con Pollo y Jam\u00f3n . . . 7.00 . . . 12.00 \u20ac<\/p>\n\n\n\n<p class=\"has-text-align-left has-very-dark-gray-color has-text-color\">Croquetas de Hongos. . . .7.00 . . . . 12.00 \u20ac<\/p>\n\n\n\n<p class=\"has-text-align-left has-very-dark-gray-color has-text-color\">Croquetas de Bacalao. . . . 7.00. . . . 12.00 \u20ac<\/p>\n\n\n\n<p>Caz\u00f3n en Adobo. . . 12.00 \u20ac<\/p>\n\n\n\n<h2 class=\"wp-block-heading\">Guisos y Asados. . . . .<\/h2>\n\n\n\n<p class=\"has-very-dark-gray-color has-text-color\"><a href=\"http:\/\/xavitabernabaeza.com\/wp-content\/uploads\/2020\/05\/Solomillo-scaled.jpg\" target=\"_blank\" rel=\"noreferrer noopener\">Solomillo Ib\u00e9rico macerado con Miel, Soja y mil especies. . 17.00 \u20ac<\/a><\/p>\n\n\n\n<p>Carrillera de cerdo Ib\u00e9rico con Amontillado. . . 16.00 \u20ac<\/p>\n\n\n\n<p>Manitas de cerdo Guisada con picada de frutos secos. . . 16.00 \u20ac<\/p>\n\n\n\n<p>Secreto Ib\u00e9rico a la parrilla fileteado. . . 18.00 \u20ac<\/p>\n\n\n\n<p>Alitas de pollo guisadas con gengibre, soja y cerveza . . . 13.00 \u20ac<\/p>\n\n\n\n<h2 class=\"wp-block-heading\">Para Terminar. . . . .<\/h2>\n\n\n\n<p>Chipirones de anzuelo plancha con ajo y perejil. . . 13.50 \u20ac<\/p>\n\n\n\n<p>Chipirones de anzuelo fritos. . . 13.50 \u20ac<\/p>\n\n\n\n<p>Sepia fresca cortada y a la plancha. . . 14.50 \u20ac<\/p>\n\n\n\n<p class=\"has-very-dark-gray-color has-text-color\">Flamenqu\u00edn a nuestra manera, pollo, Jam\u00f3n, Gruy\u00e8re <\/p>\n\n\n\n<p>y cebolla caramelizada. . . 15.50 \u20ac<\/p>\n\n\n\n<p>Lomo de Orza con Huevos. . . 12.50 \u20ac<\/p>\n\n\n\n<p>1\/4 Cochinillo asado con bol de ensalada. . . .. 40.00 \u20ac<\/p>\n\n\n\n<p>Lomo de bacalao con pisto . . . . . . 18.00<\/p>\n\n\n\n<h2 class=\"wp-block-heading\">Postres<\/h2>\n\n\n\n<p>Coulant de chocolate caliente con helado de vainilla. . . 6.50 \u20ac<\/p>\n\n\n\n<p class=\"has-very-dark-gray-color has-text-color\">Tiramis\u00fa. . . 6.50 \u20ac<\/p>\n\n\n\n<p>Leche frita. . . 6.50 \u20ac<\/p>\n\n\n\n<p>Crema tostada. . . 6.50 \u20ac<\/p>\n\n\n\n<p><\/p>\n\n\n\n<p><\/p>\n\n\n\n<p>Pan peque\u00f1o o grande. . . . . . . . . .  1.00 \u20ac. . . . . . . . .  2.00 \u20ac<\/p>\n\n\n\n<p>I.V.A. incluido<\/p>\n\n\n\n<p>Servicio de terraza sin incremento<\/p>\n\n\n\n<p>Tenemos carta de Al\u00e9rgenos<\/p>\n","protected":false},"excerpt":{"rendered":"<p>PARA EMPEZAR. . . . . Salmorejo con su buena guarnici\u00f3n . . . . . 8.00 \u20ac Pulpo con Ajoatado y aceite de carb\u00f3n . . . . . 22.00 \u20ac Habitas salteadas con jam\u00f3n, cebolleta y huevos fritos. . .13.00 \u20ac Queso Manchego semicurado con rega\u00f1as . .. 6.50 . . . 9.00 \u20ac Queso Oveja Sierra Sur Ja\u00e9n . . . . . 6.50 . . . . 9.00 \u20ac Surtido de Ib\u00e9ricos y quesos con pan y tomate . . . 9.50 . . . 17.00 \u20ac Tomate ali\u00f1ado con cebolleta, at\u00fan y aceitunas . . . .8.00 \u20ac Ensaladilla casera con ventresca y gambitas &#8230;.<\/p>\n","protected":false},"author":1,"featured_media":0,"parent":0,"menu_order":0,"comment_status":"closed","ping_status":"closed","template":"","meta":{"_bbp_topic_count":0,"_bbp_reply_count":0,"_bbp_total_topic_count":0,"_bbp_total_reply_count":0,"_bbp_voice_count":0,"_bbp_anonymous_reply_count":0,"_bbp_topic_count_hidden":0,"_bbp_reply_count_hidden":0,"_bbp_forum_subforum_count":0,"footnotes":""},"class_list":["post-409","page","type-page","status-publish","hentry"],"aioseo_notices":[],"_links":{"self":[{"href":"https:\/\/xavitabernabaeza.com\/index.php?rest_route=\/wp\/v2\/pages\/409","targetHints":{"allow":["GET"]}}],"collection":[{"href":"https:\/\/xavitabernabaeza.com\/index.php?rest_route=\/wp\/v2\/pages"}],"about":[{"href":"https:\/\/xavitabernabaeza.com\/index.php?rest_route=\/wp\/v2\/types\/page"}],"author":[{"embeddable":true,"href":"https:\/\/xavitabernabaeza.com\/index.php?rest_route=\/wp\/v2\/users\/1"}],"replies":[{"embeddable":true,"href":"https:\/\/xavitabernabaeza.com\/index.php?rest_route=%2Fwp%2Fv2%2Fcomments&post=409"}],"version-history":[{"count":113,"href":"https:\/\/xavitabernabaeza.com\/index.php?rest_route=\/wp\/v2\/pages\/409\/revisions"}],"predecessor-version":[{"id":718,"href":"https:\/\/xavitabernabaeza.com\/index.php?rest_route=\/wp\/v2\/pages\/409\/revisions\/718"}],"wp:attachment":[{"href":"https:\/\/xavitabernabaeza.com\/index.php?rest_route=%2Fwp%2Fv2%2Fmedia&parent=409"}],"curies":[{"name":"wp","href":"https:\/\/api.w.org\/{rel}","templated":true}]}}