{"id":408,"date":"2020-05-01T23:57:12","date_gmt":"2020-05-01T23:57:12","guid":{"rendered":"http:\/\/xavitabernabaeza.com\/?page_id=408"},"modified":"2024-09-22T23:24:42","modified_gmt":"2024-09-22T23:24:42","slug":"aleman","status":"publish","type":"page","link":"https:\/\/xavitabernabaeza.com\/?page_id=408","title":{"rendered":"Aleman"},"content":{"rendered":"\n<h2 class=\"wp-block-heading\">F\u00fcr den Anfang&#8230;<\/h2>\n\n\n\n<p>Auswahl an Tapas (4 Einheiten) . . . . .  11.00 \u20ac<\/p>\n\n\n\n<p>Chicken Caesar salat und Parmesan . . . . . . 12.00 \u20ac<\/p>\n\n\n\n<p>Salmorejo ( Kalte Tomatensuppe) Klassisch garniert. . . . . . . 8.00 \u20ac<\/p>\n\n\n\n<p>Tintenfish in Knoblauch und \u00f6l. . . . . . .  22.00 \u20ac<\/p>\n\n\n\n<p>Iberischer Schinken mit Brot und tomate . . . . .  14.00 \u20ac . . . . 26.00 \u20ac<\/p>\n\n\n\n<p>Manchego-K\u00e4se mit trockembrotst\u00fcckchen . . . . . 6.50 \u20ac . . . .  9.00 \u20ac<\/p>\n\n\n\n<p>K\u00e4se \u00bb Sierra Sur Ja\u00e9n\u00bb . . . . . . 6.50 \u20ac . . . . . 9.00 \u20ac<\/p>\n\n\n\n<p>Auswahl an Iberischen Wurst-und K\u00e4sespezialit\u00e4ten mit Brot und tomate . . . . 9.50 \u20ac . . . . .  17.00 \u20ac<\/p>\n\n\n\n<p>Tomatensalat mit Fr\u00fchlingszwiebel, Thunfisch und Oliven . . . . . . 9.00 \u20ac<\/p>\n\n\n\n<p>Kartoffelsalat mit Garnelen und thunfishchfilet . . . . . 7.00 \u20ac . . . . . 11.00 \u20ac<\/p>\n\n\n\n<p>Tomatensalat mit Wakame-Alge . . . . . 9.00 \u20ac<\/p>\n\n\n\n<p>Leberpastete vom rebhuhn mit toast . . . . . 11.00 \u20ac<\/p>\n\n\n\n<p>Gebratene saubohnen mit Serrano-schinken, Spiegelei . . . . . . . 13.00 \u20ac<\/p>\n\n\n\n<h2 class=\"wp-block-heading\">Pfannengerichte mit bestem Oliven\u00f6l<\/h2>\n\n\n\n<p>Gebratene Auberginen mit salmorejo und Serrano-schinken . . . . . . 10.00 \u20ac<\/p>\n\n\n\n<p>Kroketten aus Pilzen . . . . . . 7.00 . . . . 12.00 \u20ac<\/p>\n\n\n\n<p>Kroketten aus h\u00fchnchen und Schinken . . . . . . .7.00 \u20ac . . . . . . 12.00 \u20ac<\/p>\n\n\n\n<p>Kroketten aus Kabeljau . . . . . 7.00 \u20ac . . . . . . 12.00 \u20ac<\/p>\n\n\n\n<p>Tintenfisch nach andalusischer . . . . . . 13.50 \u20ac<\/p>\n\n\n\n<h2 class=\"wp-block-heading\">Geschmortes und gegrilltes&#8230;.<\/h2>\n\n\n\n<p>Lende vom iberischen Schwein mit Honig, soja und Gew\u00fcrzen . . . . . . 17.00 \u20ac<\/p>\n\n\n\n<p>B\u00e4ckchen vom iberischen schwein . . . . . . . 16.00 \u20ac<\/p>\n\n\n\n<p>Spitzbein geschmort, mit Trockenfr\u00fcchten . . . . . . . . 16.00 \u20ac<\/p>\n\n\n\n<p>Iberisches Schweinefilet gegrillt. . . . . . . 18.00 \u20ac<\/p>\n\n\n\n<p>1\/4 Schweinebraten. . . . . . . 40.00 \u20ac<\/p>\n\n\n\n<h2 class=\"wp-block-heading\">F\u00fcr den Abschluss<\/h2>\n\n\n\n<p>Kleine tintenfische in Knoblauch und Petersilie . . . . . . . . 13.50 \u20ac<\/p>\n\n\n\n<p>Kabeljau-filet fritiert, mit ratatouille . . . . . . 18.00 \u20ac<\/p>\n\n\n\n<p>Sepia gebraten . . . . . . 14.50 \u20ac<\/p>\n\n\n\n<p>Flamenquin (teigr\u00f6llchen) mit H\u00fchnchen, Schinken, Emmental und karamellisierten Zwiebeln . . .  15.50 \u20ac<\/p>\n\n\n\n<p>Schweiner\u00fccken geschmort mit eiern . . . . . . 12.50 \u20ac<\/p>\n\n\n\n<h2 class=\"wp-block-heading\">Nachspeisen&#8230;<\/h2>\n\n\n\n<p>S\u00fc\u00dfe cr\u00e8me gebr\u00e4unt . . . . . 6.50 \u20ac <\/p>\n\n\n\n<p>Coulant au chocolat warm, mit vanilleeis . . . 6.50 \u20ac<\/p>\n\n\n\n<p>Tiramisu . . . . . 6.50 \u20ac<\/p>\n\n\n\n<p>Frittierte Milch . . . . . 6.50 \u20ac<\/p>\n\n\n\n<p><\/p>\n\n\n\n<p>Brotkorb klein oder gro\u00df . . . . .  1.00 \u20ac . . . . 2.00 \u20ac<\/p>\n\n\n\n<p>Bedienung auf der Terrasse ohne Aufpreis<\/p>\n\n\n\n<p>MwSt inklusiv<\/p>\n\n\n\n<p><\/p>\n","protected":false},"excerpt":{"rendered":"<p>F\u00fcr den Anfang&#8230; Auswahl an Tapas (4 Einheiten) . . . . . 11.00 \u20ac Chicken Caesar salat und Parmesan . . . . . . 12.00 \u20ac Salmorejo ( Kalte Tomatensuppe) Klassisch garniert. . . . . . . 8.00 \u20ac Tintenfish in Knoblauch und \u00f6l. . . . . . . 22.00 \u20ac Iberischer Schinken mit Brot und tomate . . . . . 14.00 \u20ac . . . . 26.00 \u20ac Manchego-K\u00e4se mit trockembrotst\u00fcckchen . . . . . 6.50 \u20ac . . . . 9.00 \u20ac K\u00e4se \u00bb Sierra Sur Ja\u00e9n\u00bb . . . . . . 6.50 \u20ac . . . . . 9.00 \u20ac&#8230;<\/p>\n","protected":false},"author":1,"featured_media":0,"parent":0,"menu_order":0,"comment_status":"closed","ping_status":"closed","template":"","meta":{"_bbp_topic_count":0,"_bbp_reply_count":0,"_bbp_total_topic_count":0,"_bbp_total_reply_count":0,"_bbp_voice_count":0,"_bbp_anonymous_reply_count":0,"_bbp_topic_count_hidden":0,"_bbp_reply_count_hidden":0,"_bbp_forum_subforum_count":0,"footnotes":""},"class_list":["post-408","page","type-page","status-publish","hentry"],"aioseo_notices":[],"_links":{"self":[{"href":"https:\/\/xavitabernabaeza.com\/index.php?rest_route=\/wp\/v2\/pages\/408","targetHints":{"allow":["GET"]}}],"collection":[{"href":"https:\/\/xavitabernabaeza.com\/index.php?rest_route=\/wp\/v2\/pages"}],"about":[{"href":"https:\/\/xavitabernabaeza.com\/index.php?rest_route=\/wp\/v2\/types\/page"}],"author":[{"embeddable":true,"href":"https:\/\/xavitabernabaeza.com\/index.php?rest_route=\/wp\/v2\/users\/1"}],"replies":[{"embeddable":true,"href":"https:\/\/xavitabernabaeza.com\/index.php?rest_route=%2Fwp%2Fv2%2Fcomments&post=408"}],"version-history":[{"count":12,"href":"https:\/\/xavitabernabaeza.com\/index.php?rest_route=\/wp\/v2\/pages\/408\/revisions"}],"predecessor-version":[{"id":714,"href":"https:\/\/xavitabernabaeza.com\/index.php?rest_route=\/wp\/v2\/pages\/408\/revisions\/714"}],"wp:attachment":[{"href":"https:\/\/xavitabernabaeza.com\/index.php?rest_route=%2Fwp%2Fv2%2Fmedia&parent=408"}],"curies":[{"name":"wp","href":"https:\/\/api.w.org\/{rel}","templated":true}]}}